					{"id":890,"date":"2018-09-03T18:47:51","date_gmt":"2018-09-03T18:47:51","guid":{"rendered":"http:\/\/www.ffis.co\/?page_id=890"},"modified":"2021-07-13T23:44:52","modified_gmt":"2021-07-13T23:44:52","slug":"home","status":"publish","type":"page","link":"https:\/\/www.ffis.co\/es\/","title":{"rendered":"HOME"},"content":{"rendered":"<p>[vc_row advisor_row=&#8221;true&#8221; full_width=&#8221;stretch_row_content_no_spaces&#8221; css=&#8221;.vc_custom_1626219887426{padding-top: 0px !important;padding-bottom: 0px !important;background-color: #04205f !important;}&#8221;][vc_column][vc_column_text]\n\t\t<!-- MasterSlider -->\n\t\t<div id=\"P_MS69e44ed306f73\" class=\"master-slider-parent msl ms-parent-id-2\" style=\"max-width:1400px;\">\n\n\t\t\t\n\t\t\t<!-- MasterSlider Main -->\n\t\t\t<div id=\"MS69e44ed306f73\" class=\"master-slider ms-skin-default\" >\n\t\t\t\t \t\t\t\t \n\t\t\t\t<div  class=\"ms-slide\" data-delay=\"3\" data-fill-mode=\"fill\"  >\n\t\t\t\t\t<img decoding=\"async\" src=\"https:\/\/www.ffis.co\/wp-content\/plugins\/master-slider\/public\/assets\/css\/blank.gif\" alt=\"\" title=\"\" data-src=\"https:\/\/www.ffis.co\/wp-content\/uploads\/2018\/09\/ffisBannersSP04.jpg\" \/>\n\n\n\t<div class=\"ms-thumb\" ><div class=\"ms-tab-context\"><div class=\"&quot;ms-tab-context&quot;\"><\/div><\/div>\n<\/div>\n\t\t\t\t<\/div>\n\t\t\t\t<div  class=\"ms-slide\" data-delay=\"3\" data-fill-mode=\"fill\"  >\n\t\t\t\t\t<img decoding=\"async\" src=\"https:\/\/www.ffis.co\/wp-content\/plugins\/master-slider\/public\/assets\/css\/blank.gif\" alt=\"\" title=\"\" data-src=\"https:\/\/www.ffis.co\/wp-content\/uploads\/2018\/09\/ffisBannersSP03.jpg\" \/>\n\n\n\t<div class=\"ms-thumb\" ><div class=\"ms-tab-context\"><div class=\"&quot;ms-tab-context&quot;\"><\/div><\/div>\n<\/div>\n\t\t\t\t<\/div>\n\t\t\t\t<div  class=\"ms-slide\" data-delay=\"3\" data-fill-mode=\"fill\"  >\n\t\t\t\t\t<img decoding=\"async\" src=\"https:\/\/www.ffis.co\/wp-content\/plugins\/master-slider\/public\/assets\/css\/blank.gif\" alt=\"\" title=\"\" data-src=\"https:\/\/www.ffis.co\/wp-content\/uploads\/2018\/09\/ffisBannersSP02.jpg\" \/>\n\n\n\t<div class=\"ms-thumb\" ><div class=\"ms-tab-context\"><div class=\"&quot;ms-tab-context&quot;\"><\/div><\/div>\n<\/div>\n\t\t\t\t<\/div>\n\n\t\t\t<\/div>\n\t\t\t<!-- END MasterSlider Main -->\n\n\t\t\t \n\t\t<\/div>\n\t\t<!-- END MasterSlider -->\n\n\t\t<script>\n\t\t(function ( $ ) {\n\t\t\t\"use strict\";\n\n\t\t\t$(function () {\n\t\t\t\tvar masterslider_6f73 = new MasterSlider();\n\n\t\t\t\t\/\/ slider controls\n\t\t\t\tmasterslider_6f73.control('arrows'     ,{ autohide:true, overVideo:true  });\n\t\t\t\t\/\/ slider setup\n\t\t\t\tmasterslider_6f73.setup(\"MS69e44ed306f73\", {\n\t\t\t\t\t\twidth           : 1400,\n\t\t\t\t\t\theight          : 500,\n\t\t\t\t\t\tminHeight       : 0,\n\t\t\t\t\t\tspace           : 0,\n\t\t\t\t\t\tstart           : 1,\n\t\t\t\t\t\tgrabCursor      : true,\n\t\t\t\t\t\tswipe           : true,\n\t\t\t\t\t\tmouse           : true,\n\t\t\t\t\t\tlayout          : \"boxed\",\n\t\t\t\t\t\twheel           : false,\n\t\t\t\t\t\tautoplay        : true,\n\t\t\t\t\t\tinstantStartLayers:false,\n\t\t\t\t\t\tloop            : true,\n\t\t\t\t\t\tshuffle         : true,\n\t\t\t\t\t\tpreload         : 0,\n\t\t\t\t\t\theightLimit     : true,\n\t\t\t\t\t\tautoHeight      : false,\n\t\t\t\t\t\tsmoothHeight    : true,\n\t\t\t\t\t\tendPause        : false,\n\t\t\t\t\t\toverPause       : true,\n\t\t\t\t\t\tfillMode        : \"fill\",\n\t\t\t\t\t\tcenterControls  : true,\n\t\t\t\t\t\tstartOnAppear   : false,\n\t\t\t\t\t\tlayersMode      : \"center\",\n\t\t\t\t\t\thideLayers      : false,\n\t\t\t\t\t\tfullscreenMargin: 0,\n\t\t\t\t\t\tspeed           : 20,\n\t\t\t\t\t\tdir             : \"h\",\n\t\t\t\t\t\tparallaxMode    : 'swipe',\n\t\t\t\t\t\tview            : \"basic\"\n\t\t\t\t});\n\n\t\t\t\t\n\t\t\t\twindow.masterslider_instances = window.masterslider_instances || [];\n\t\t\t\twindow.masterslider_instances.push( masterslider_6f73 );\n\t\t\t });\n\n\t\t})(jQuery);\n\t\t<\/script>\n\n[\/vc_column_text][\/vc_column][\/vc_row][vc_row css=&#8221;.vc_custom_1525979485563{margin-bottom: 50px !important;}&#8221;][vc_column]\r\n            <section class=\"\">\r\n    \t\t\t\t<div class=\"container\">\r\n    \t\t\t\t\t<div class=\"heading text-center animate fadeInDown\">\r\n\r\n                \r\n                    <h2 style=\"color: #000000\">FAMILY FOCUS INSURANCE SOLUTIONS<\/h2>\r\n\r\n                \r\n \t\t\t\t\t\t\t\t\t\t<p>TE AYUDAMOS A PLANIFICAR PARA EL FUTURO<\/p>\r\n\r\n                \r\n    \t\t\t\t\t<\/div>\r\n\r\n    \t\t\t\t\t<div class=\"height-50\"><\/div>\r\n\r\n    \t\t\t\t\t<div class=\"row\">\r\n\r\n                  \r\n          <div class=\"col-md-4\">\r\n            <div class=\"text-box text-center \">\r\n              <div class=\"bordered-thumb\"><img decoding=\"async\" src=\"https:\/\/www.ffis.co\/wp-content\/uploads\/2018\/06\/ffis02.jpg\" alt=\"\"><\/div>\r\n              \r\n                  <h4 style=\"color: #000000\">EVALUACI\u00d3N<\/h4>\r\n\r\n              \r\n              \r\n                  <p style=\"color: #000000\">FFIS utiliza encuestas, entrevistas y observaci\u00f3n para llevar a cabo una soluci\u00f3n integral de seguro.<\/p>\r\n\r\n                                        <\/div>\r\n          <\/div>\r\n\r\n          \r\n          <div class=\"col-md-4\">\r\n            <div class=\"text-box text-center \">\r\n              <div class=\"bordered-thumb\"><img decoding=\"async\" src=\"https:\/\/www.ffis.co\/wp-content\/uploads\/2018\/06\/ffis07.jpg\" alt=\"\"><\/div>\r\n              \r\n                  <h4 style=\"color: #000000\">PLANIFICACI\u00d3N<\/h4>\r\n\r\n              \r\n              \r\n                  <p style=\"color: #000000\">Identificamos tecnolog\u00eda, capacitaci\u00f3n y procesos para llevar sus necesidades de seguro al siguiente nivel.<\/p>\r\n\r\n                                        <\/div>\r\n          <\/div>\r\n\r\n          \r\n          <div class=\"col-md-4\">\r\n            <div class=\"text-box text-center \">\r\n              <div class=\"bordered-thumb\"><img decoding=\"async\" src=\"https:\/\/www.ffis.co\/wp-content\/uploads\/2018\/06\/ffis03.jpg\" alt=\"\"><\/div>\r\n              \r\n                  <h4 style=\"color: #000000\">IMPLEMENTACI\u00d3N<\/h4>\r\n\r\n              \r\n              \r\n                  <p style=\"color: #000000\">Una vez que hayamos identificado su necesidad de seguro, supervisaremos el proceso de implementaci\u00f3n de principio a fin.<\/p>\r\n\r\n                                        <\/div>\r\n          <\/div>\r\n\r\n          \r\n              <\/div>\r\n            <\/div>\r\n          <\/section><!-- \/ WELCOME -->\r\n\r\n\r\n                [\/vc_column][\/vc_row][vc_row full_width=&#8221;stretch_row_content_no_spaces&#8221; css=&#8221;.vc_custom_1531522040113{background-color: #000000 !important;}&#8221;][vc_column]\r\n            \t<!-- DIFFERENT SERVICES -->\r\n                <section class=\"different-services text-center parallax\">\r\n                    <div class=\"container\">\r\n                        <div class=\"heading animate bounceIn\">\r\n                            \r\n                            <h1 class=\"color-white\">\u00bfConfundido sobre sus opciones de Medicare? Estamos aqu\u00ed para ayudarle.<\/h1>\r\n\r\n                                                        \r\n                            <p class=\"color-white\">Seleccionar la cobertura secundaria correcta de Medicare es importante. Tambi\u00e9n es un poco confuso. Los expertos con licencia aqu\u00ed en Family Focus Insurance Solutions pueden ayudarlo a navegar por los planes Suplementario de Medicare (Medigap), Medicare Advantage y Medicamentos con receta (Parte D). Juntos descubriremos las opciones de cobertura de Medicare adecuadas para satisfacer sus necesidades, presupuesto y estilo de vida.<\/p>\r\n\r\n                                                    <\/div>\r\n                    <\/div>\r\n                <\/section><!-- \/ DIFFERENT SERVICES -->\r\n\r\n          [\/vc_column][\/vc_row][vc_row full_width=&#8221;stretch_row_content_no_spaces&#8221;][vc_column]\r\n\t\t\t<!-- REQUEST A CALLBACK -->\r\n\t    <section class=\" \">\r\n\t\t\t\t<div class=\"container\">\r\n\t\t\t\t\t<div class=\"request-a-callback clearfix animate fadeInUp\">\r\n\t\t\t\t\t\t<div class=\"request-a-callback-content\">\r\n\t            \r\n\t\t\t\t\t\t\t<h3 style=\"color: #000000\">\u00bfListo para hablar con un asesor?<\/h3>\r\n\r\n\t            \t            \r\n\t\t\t\t\t\t\t<p>En Family Focus Insurance, nos tomamos el tiempo para evaluar su situaci\u00f3n y revisar todos los planes para ver cu\u00e1l ser\u00e1 la mejor opci\u00f3n para usted. Para comparar los Presupuestos Suplementarios de Medicare y encontrar el mejor Plan Suplementario de Medicare en su \u00e1rea, ll\u00e1menos hoy marcando el (813) 533-3000 o complete nuestro Formulario de contacto y uno de nuestros asesores con licencia estar\u00e1 en contacto con usted.<\/p>\r\n\r\n\t            \t\t\t\t\t\t<\/div>\r\n\t\t\t\t\t\t<div class=\"request-a-callback-form\" id=\"request-a-callback-form\">\r\n\r\n\t\t\t\t\t\t\t\n<div class=\"wpcf7 no-js\" id=\"wpcf7-f893-o1\" lang=\"en-US\" dir=\"ltr\" data-wpcf7-id=\"893\">\n<div class=\"screen-reader-response\"><p role=\"status\" aria-live=\"polite\" aria-atomic=\"true\"><\/p> <ul><\/ul><\/div>\n<form action=\"\/es\/wp-json\/wp\/v2\/pages\/890#wpcf7-f893-o1\" method=\"post\" class=\"wpcf7-form init\" aria-label=\"Contact form\" novalidate=\"novalidate\" data-status=\"init\">\n<div style=\"display: none;\">\n<input type=\"hidden\" name=\"_wpcf7\" value=\"893\" \/>\n<input type=\"hidden\" name=\"_wpcf7_version\" value=\"6.0.6\" \/>\n<input type=\"hidden\" name=\"_wpcf7_locale\" value=\"en_US\" \/>\n<input type=\"hidden\" name=\"_wpcf7_unit_tag\" value=\"wpcf7-f893-o1\" \/>\n<input type=\"hidden\" name=\"_wpcf7_container_post\" value=\"0\" \/>\n<input type=\"hidden\" name=\"_wpcf7_posted_data_hash\" value=\"\" \/>\n<\/div>\n<p><span class=\"wpcf7-form-control-wrap\" data-name=\"your-name\"><input size=\"40\" maxlength=\"400\" class=\"wpcf7-form-control wpcf7-text wpcf7-validates-as-required\" aria-required=\"true\" aria-invalid=\"false\" placeholder=\"Nombre\" value=\"\" type=\"text\" name=\"your-name\" \/><\/span>\n<\/p>\n<p><span class=\"wpcf7-form-control-wrap\" data-name=\"your-email\"><input size=\"40\" maxlength=\"400\" class=\"wpcf7-form-control wpcf7-email wpcf7-validates-as-required wpcf7-text wpcf7-validates-as-email\" aria-required=\"true\" aria-invalid=\"false\" placeholder=\"Email\" value=\"\" type=\"email\" name=\"your-email\" \/><\/span>\n<\/p>\n<p><span class=\"wpcf7-form-control-wrap\" data-name=\"your-telephone\"><input size=\"40\" maxlength=\"400\" class=\"wpcf7-form-control wpcf7-text wpcf7-validates-as-required\" aria-required=\"true\" aria-invalid=\"false\" placeholder=\"Tel\u00e9fono\" value=\"\" type=\"text\" name=\"your-telephone\" \/><\/span>\n<\/p>\n<p><span class=\"wpcf7-form-control-wrap\" data-name=\"your-message\"><textarea cols=\"40\" rows=\"10\" maxlength=\"2000\" class=\"wpcf7-form-control wpcf7-textarea wpcf7-validates-as-required\" aria-required=\"true\" aria-invalid=\"false\" placeholder=\"Mensaje\" name=\"your-message\"><\/textarea><\/span>\n<\/p>\n<p><input class=\"wpcf7-form-control wpcf7-submit has-spinner\" type=\"submit\" value=\"Send\" \/>\n<\/p><div class=\"wpcf7-response-output\" aria-hidden=\"true\"><\/div>\n<\/form>\n<\/div>\n\t\t\t\t\t\t\t<div class=\"nl_callback_notify\" style=\"margin-top: 12px; font-size: initial;\"><\/div>\r\n\t\t\t\t\t\t<\/div>\r\n\t\t\t\t\t<\/div>\r\n\t\t\t\t<\/div>\r\n\t\t\t<\/section>\r\n\t\t\t<!-- \/ REQUEST A CALLBACK -->\r\n\r\n    [\/vc_column][\/vc_row][vc_row][vc_column]\r\n\t\t\t\t<div class=\"contact-us-bar dark \">\r\n\t\t\t\t\t<div class=\"container\">\r\n\t\t\t\t\t\t<div class=\"row\">\r\n\t\t\t\t\t\t\t<div class=\"col-md-9\">\r\n\r\n\t\t\t\t\t\t\t\t\r\n\t\t\t\t\t\t\t\t\t<h4 class=\" animate fadeInLeft\" style=\"color: #ffffff\">\u00bfTener Preguntas? P\u00f3ngase en Contacto con Nosotros - (813) 533 3000<\/h4>\r\n\r\n\t\t\t\t\t\t\t\t\r\n\r\n\t\t\t\t\t\t\t<\/div>\r\n\t\t\t\t\t\t\t<div class=\"col-md-3\">\r\n\t\t\t\t\t\t\t\t<div class=\"text-right\">\r\n\t\t\t\t\t\t\t\t\t<a href=\"http:\/\/www.ffis.co\/es\/contactanos\/\" class=\"btn btn-white get-in-touch animate fadeInRight\"\r\n\t\t\t\t\t\t\t\t\t\tstyle=\"background: #0073bc;\"\r\n\t\t\t\t\t\t\t\t\t\tonMouseOver=\"this.style.background='#0073bc'\"\r\n\t\t\t\t\t\t\t\t\t\tonMouseOut=\"this.style.background='#0073bc'\"\r\n\t\t\t\t\t\t\t\t\t\tdata-text=\"Cont\u00e1ctenos\"><i class=\"icon-telephone114\"><\/i>Cont\u00e1ctenos<\/a>\r\n\t\t\t\t\t\t\t\t<\/div>\r\n\t\t\t\t\t\t\t<\/div>\r\n\t\t\t\t\t\t<\/div>\r\n\t\t\t\t\t<\/div>\r\n\t\t\t\t<\/div>\r\n\r\n\r\n\t\t\t\t[\/vc_column][\/vc_row]<\/p>\n","protected":false},"excerpt":{"rendered":"<p>[vc_row advisor_row=&#8221;true&#8221; full_width=&#8221;stretch_row_content_no_spaces&#8221; css=&#8221;.vc_custom_1626219887426{padding-top: 0px !important;padding-bottom: 0px !important;background-color: #04205f !important;}&#8221;][vc_column][vc_column_text][\/vc_column_text][\/vc_column][\/vc_row][vc_row css=&#8221;.vc_custom_1525979485563{margin-bottom: 50px !important;}&#8221;][vc_column][\/vc_column][\/vc_row][vc_row full_width=&#8221;stretch_row_content_no_spaces&#8221; css=&#8221;.vc_custom_1531522040113{background-color: #000000 !important;}&#8221;][vc_column][\/vc_column][\/vc_row][vc_row full_width=&#8221;stretch_row_content_no_spaces&#8221;][vc_column][\/vc_column][\/vc_row][vc_row][vc_column][\/vc_column][\/vc_row]<\/p>\n","protected":false},"author":1,"featured_media":0,"parent":0,"menu_order":0,"comment_status":"closed","ping_status":"closed","template":"","meta":{"footnotes":""},"class_list":["post-890","page","type-page","status-publish","hentry"],"_links":{"self":[{"href":"https:\/\/www.ffis.co\/es\/wp-json\/wp\/v2\/pages\/890","targetHints":{"allow":["GET"]}}],"collection":[{"href":"https:\/\/www.ffis.co\/es\/wp-json\/wp\/v2\/pages"}],"about":[{"href":"https:\/\/www.ffis.co\/es\/wp-json\/wp\/v2\/types\/page"}],"author":[{"embeddable":true,"href":"https:\/\/www.ffis.co\/es\/wp-json\/wp\/v2\/users\/1"}],"replies":[{"embeddable":true,"href":"https:\/\/www.ffis.co\/es\/wp-json\/wp\/v2\/comments?post=890"}],"version-history":[{"count":1,"href":"https:\/\/www.ffis.co\/es\/wp-json\/wp\/v2\/pages\/890\/revisions"}],"predecessor-version":[{"id":1828,"href":"https:\/\/www.ffis.co\/es\/wp-json\/wp\/v2\/pages\/890\/revisions\/1828"}],"wp:attachment":[{"href":"https:\/\/www.ffis.co\/es\/wp-json\/wp\/v2\/media?parent=890"}],"curies":[{"name":"wp","href":"https:\/\/api.w.org\/{rel}","templated":true}]}}